{"id":2763,"date":"2020-12-14T09:42:11","date_gmt":"2020-12-14T09:42:11","guid":{"rendered":"http:\/\/www.kaglinge.com\/?page_id=2763"},"modified":"2023-05-02T17:28:18","modified_gmt":"2023-05-02T17:28:18","slug":"startsida","status":"publish","type":"page","link":"https:\/\/www.kaglinge.com\/","title":{"rendered":"K\u00e4glinge Egnahemsf\u00f6rening"},"content":{"rendered":"\n<p>K\u00e4glinge Egnahemsf\u00f6rening har verksamhet i byn K\u00e4glinge som ligger ca 10 km syd\u00f6st om Malm\u00f6. F\u00f6reningen motsvarar ett byalag och driver olika fr\u00e5gor f\u00f6r byns r\u00e4kning samt genomf\u00f6r olika aktiviteter. F\u00f6reningen bildades 1963 d\u00e5 byn K\u00e4glinge v\u00e4xte med nytt villaomr\u00e5de. Sedan dess har byn ut\u00f6kats med fler villor i olika omg\u00e5ngar. Idag har byn ca 2700 inv\u00e5nare och tillh\u00f6r stadsdelen Oxie i Malm\u00f6 kommun. Byn K\u00e4glinge \u00e4r idag mest k\u00e4nt f\u00f6r <a rel=\"noreferrer noopener\" href=\"https:\/\/malmo.se\/Uppleva-och-gora\/Natur-och-parker\/Parker-i-Malmo\/Kaglinge-naturomrade.html\" target=\"_blank\">naturomr\u00e5det<\/a> som ligger granne med byn, den drygt 210 \u00e5riga minnesg\u00e5rden P\u00e5lssonhuset och dess n\u00e4rbel\u00e4gna golfbanor<\/p>\n\n\n\n<p>K\u00e4glinge ligger geografiskt v\u00e4l placerat i Malm\u00f6 kommun och har bra kommunikationer. M\u00e5nga danskar har uppt\u00e4ckt byn och dess korta pendlingsavst\u00e5nd till j\u00e4rnv\u00e4gsstationen i&nbsp;Hyllie eller \u00f6ver bron till K\u00f6penhamn.<\/p>\n\n\n\n<p>K\u00e4glinge Egnahemsf\u00f6rening genomf\u00f6r varje \u00e5r olika arrangemang. Bland annat ett traditionsenligt midsommarfirande i byn som \u00e4r mycket popul\u00e4rt. I dagsl\u00e4get har f\u00f6reningen cirka 150 hush\u00e5ll som medlemmar.<\/p>\n\n\n\n<p>Egnahemsf\u00f6reningen har en groda som logga eftersom det i K\u00e4glinge naturomr\u00e5de finns flera s\u00e4llsynta grodarter som lever i dess dammar.<\/p>\n\n\n\n<p><\/p>\n\n\n\n<figure class=\"wp-block-image\"><img decoding=\"async\" src=\"http:\/\/www.kaglinge.com\/wp-content\/uploads\/2020\/05\/midsommardans1_703-1.jpg\" alt=\"\"\/><\/figure>\n\n\n\n<p><\/p>\n","protected":false},"excerpt":{"rendered":"<p>K\u00e4glinge Egnahemsf\u00f6rening har verksamhet i byn K\u00e4glinge som ligger ca 10 km syd\u00f6st om Malm\u00f6. F\u00f6reningen motsvarar ett byalag och driver olika fr\u00e5gor f\u00f6r byns r\u00e4kning samt genomf\u00f6r olika aktiviteter. F\u00f6reningen bildades 1963 d\u00e5 byn K\u00e4glinge v\u00e4xte med nytt villaomr\u00e5de. Sedan dess har byn ut\u00f6kats med fler villor i olika omg\u00e5ngar. Idag har byn ca &hellip; <a href=\"https:\/\/www.kaglinge.com\/\" class=\"more-link\">Forts\u00e4tt l\u00e4sa<span class=\"screen-reader-text\"> \u201dK\u00e4glinge Egnahemsf\u00f6rening\u201d<\/span><\/a><\/p>\n","protected":false},"author":8,"featured_media":0,"parent":0,"menu_order":0,"comment_status":"closed","ping_status":"closed","template":"","meta":{"ngg_post_thumbnail":0,"footnotes":""},"class_list":["post-2763","page","type-page","status-publish","hentry"],"_links":{"self":[{"href":"https:\/\/www.kaglinge.com\/index.php?rest_route=\/wp\/v2\/pages\/2763","targetHints":{"allow":["GET"]}}],"collection":[{"href":"https:\/\/www.kaglinge.com\/index.php?rest_route=\/wp\/v2\/pages"}],"about":[{"href":"https:\/\/www.kaglinge.com\/index.php?rest_route=\/wp\/v2\/types\/page"}],"author":[{"embeddable":true,"href":"https:\/\/www.kaglinge.com\/index.php?rest_route=\/wp\/v2\/users\/8"}],"replies":[{"embeddable":true,"href":"https:\/\/www.kaglinge.com\/index.php?rest_route=%2Fwp%2Fv2%2Fcomments&post=2763"}],"version-history":[{"count":18,"href":"https:\/\/www.kaglinge.com\/index.php?rest_route=\/wp\/v2\/pages\/2763\/revisions"}],"predecessor-version":[{"id":3142,"href":"https:\/\/www.kaglinge.com\/index.php?rest_route=\/wp\/v2\/pages\/2763\/revisions\/3142"}],"wp:attachment":[{"href":"https:\/\/www.kaglinge.com\/index.php?rest_route=%2Fwp%2Fv2%2Fmedia&parent=2763"}],"curies":[{"name":"wp","href":"https:\/\/api.w.org\/{rel}","templated":true}]}}